{"id":280,"date":"2022-01-26T06:29:58","date_gmt":"2022-01-26T06:29:58","guid":{"rendered":"http:\/\/www.erdalapaydin.com\/?page_id=280"},"modified":"2022-01-27T09:21:29","modified_gmt":"2022-01-27T09:21:29","slug":"ozgecmisim","status":"publish","type":"page","link":"http:\/\/www.erdalapaydin.com\/index.php\/ozgecmisim\/","title":{"rendered":"\u00d6zge\u00e7mi\u015fim"},"content":{"rendered":"<p><span style=\"color: #000000;\"><img loading=\"lazy\" decoding=\"async\" class=\"size-medium wp-image-281 alignleft\" src=\"http:\/\/www.erdalapaydin.com\/wp-content\/uploads\/2022\/01\/kucuk-olan-vesikalik-225x300.jpg\" alt=\"\" width=\"225\" height=\"300\" srcset=\"http:\/\/www.erdalapaydin.com\/wp-content\/uploads\/2022\/01\/kucuk-olan-vesikalik-225x300.jpg 225w, http:\/\/www.erdalapaydin.com\/wp-content\/uploads\/2022\/01\/kucuk-olan-vesikalik.jpg 531w\" sizes=\"(max-width: 225px) 100vw, 225px\" \/><\/span><\/p>\n<p><strong><span style=\"color: #000000;\">PROF. DR. ERDAL APAYDIN<\/span><\/strong><\/p>\n<p><span style=\"color: #000000;\"><strong>E\u011e\u0130T\u0130M<\/strong><\/span><\/p>\n<ul>\n<li><span style=\"color: #000000;\">1970-1973 \u0130zmir G\u00fczelyal\u0131 Ortaokulu<\/span><\/li>\n<li><span style=\"color: #000000;\">1973-1976 \u0130zmir Atat\u00fcrk Lisesi<\/span><\/li>\n<li><span style=\"color: #000000;\">1977-1983 Ege \u00dcniversitesi T\u0131p Fak\u00fcltesi<\/span><\/li>\n<\/ul>\n<p><strong><span style=\"color: #000000;\">MEZUN\u0130YET SONRASI G\u00d6REVLER &#8211; E\u011e\u0130T\u0130M<\/span><\/strong><\/p>\n<ul>\n<li><span style=\"color: #000000;\">Mart 2020 G\u00fcn\u00fcm\u00fcze kadar \u00dcroloji Anabilim Dal\u0131 Ba\u015fkan\u0131<\/span><\/li>\n<li><span style=\"color: #000000;\">3-4 Aral\u0131k 2012 \u00dcrolojik Robotik Cerrahi E\u011fitim Program\u0131<\/span><\/li>\n<li><span style=\"color: #000000;\">2010-2011 Endo\u00fcroloji Derne\u011fi Ba\u015fkanl\u0131\u011f\u0131<\/span><\/li>\n<li><span style=\"color: #000000;\">25-26 Mart 2011 International Operating with the Experts 2011 Kurs Ba\u015fkan\u0131<\/span><\/li>\n<li><span style=\"color: #000000;\">3-4 Nisan 2010 1e1 Laparoskopi Kurs Ba\u015fkan\u0131<\/span><\/li>\n<li style=\"text-align: justify;\"><span style=\"color: #000000;\">8-9 May\u0131s 2009 2. Ege Laparoskopik \u00dcroloji G\u00fcnleri Toplant\u0131s\u0131 Ba\u015fkan\u0131<\/span><\/li>\n<li style=\"text-align: justify;\"><span style=\"color: #000000;\">07\/2007 &#8211; 08\/2007 The Cleveland Clinic Foundation Glickman Urological Institute Laparoskopi &amp; Robotik Minimal \u0130nvaziv Cerrahi<\/span><\/li>\n<li style=\"text-align: justify;\"><span style=\"color: #000000;\">14-16 Niasan 2005 I. Ege Laparoskopik \u00dcroloji G\u00fcnleri<\/span><\/li>\n<li style=\"text-align: justify;\"><span style=\"color: #000000;\">10\/2004 &#8211; 12\/2004 The Cleveland Clinic Foundation Glickman Urological Institute Laparoskopi &amp; Robotik Minimal \u0130nvaziv Cerrahi<\/span><\/li>\n<li style=\"text-align: justify;\"><span style=\"color: #000000;\">2003 &#8211; G\u00fcn\u00fcm\u00fcze Kadar \u00dcroloji Profes\u00f6r\u00fc<\/span><\/li>\n<li style=\"text-align: justify;\"><span style=\"color: #000000;\">11\/1997 &#8211; 2003 \u00dcroloji Do\u00e7enti. \u00dcroloji Anabilim Dal\u0131, Androloji Bilim Dal\u0131, Aile Planlamas\u0131 ve \u0130nfertilite Ara\u015ft\u0131rma ve Tedavi Merkezi, Ege \u00dcniversitesi T\u0131p Fak\u00fcltesi T\u00fcrk Androloji Derne\u011fi Denetleme Kurulu \u00dcyeli\u011fi (Kas\u0131m 2002)<\/span><\/li>\n<li style=\"text-align: justify;\"><span style=\"color: #000000;\">5\/1991 &#8211; 11\/1991 \u00dcroloji Uzman\u0131 &#8211; \u00dcroloji Anabilim Dal\u0131, Ege \u00dcniversitesi T\u0131p Fak\u00fcltesi<\/span><\/li>\n<li style=\"text-align: justify;\"><span style=\"color: #000000;\">4\/1991 &#8211; 5\/1991 \u00dcroloji Uzmanl\u0131\u011f\u0131 Alma &#8211; \u00dcroloji Anabilim Dal\u0131, Ege \u00dcniversitesi T\u0131p Fak\u00fcltesi<\/span><\/li>\n<li style=\"text-align: justify;\"><span style=\"color: #000000;\">3\/1990 &#8211; 04\/1991 Y\u00d6K bursuyla Londra \u00dcniversitesi&#8217;ne ba\u011fl\u0131 &#8220;The Royal London Hospital &#8211; Academic Unit of Urology&#8217;de Prof. John Blandy&#8217;nin g\u00f6zetiminde &#8220;\u00dcretra Cerrahisi, Endo\u00fcroloji, \u0130nfertilite mikrocerrahisi, androloji ve rekonstr\u00fcktif \u00fcroloji konular\u0131nda e\u011fitim.<\/span><\/li>\n<li style=\"text-align: justify;\"><span style=\"color: #000000;\">1\/1986 &#8211; 3\/1990 T\u0131pta Uzmanl\u0131k \u00d6\u011frencisi, Ege \u00dcniversitesi T\u0131p Fak\u00fcltesi \u00dcroloji Anabilim Dal\u0131<\/span><\/li>\n<li style=\"text-align: justify;\"><span style=\"color: #000000;\">7\/1983 &#8211; 12\/1985 Pratisyen Hekim &#8211;\u00a0 Zorunlu Hizmet, Digor Sa\u011fl\u0131k Merkezi, Digor-Kars<\/span><\/li>\n<\/ul>\n<p style=\"text-align: justify;\"><strong><span style=\"color: #000000;\">\u00dcYES\u0130 BULUNDU\u011eUM MESLEK KURULU\u015eLARI<\/span><\/strong><\/p>\n<ul>\n<li style=\"text-align: justify;\"><span style=\"color: #000000;\">T\u00fcrk Tabipler Birli\u011fi<\/span><\/li>\n<li style=\"text-align: justify;\"><span style=\"color: #000000;\">Ege \u00dcroloji Derne\u011fi<\/span><\/li>\n<li style=\"text-align: justify;\"><span style=\"color: #000000;\">T\u00fcrk \u00dcroloji Derne\u011fi<\/span><\/li>\n<li style=\"text-align: justify;\"><span style=\"color: #000000;\">T\u00fcrk Androloji Derne\u011fi<\/span><\/li>\n<li style=\"text-align: justify;\"><span style=\"color: #000000;\">T\u00fcrk Endo\u00fcroloji Derne\u011fi<\/span><\/li>\n<li style=\"text-align: justify;\"><span style=\"color: #000000;\">SIU-Societe International of Urology<\/span><\/li>\n<li style=\"text-align: justify;\"><span style=\"color: #000000;\">EAU-European Association of Urology<\/span><\/li>\n<\/ul>\n","protected":false},"excerpt":{"rendered":"<p>PROF. DR. ERDAL APAYDIN E\u011e\u0130T\u0130M 1970-1973 \u0130zmir G\u00fczelyal\u0131 Ortaokulu 1973-1976 \u0130zmir Atat\u00fcrk Lisesi 1977-1983 Ege \u00dcniversitesi T\u0131p Fak\u00fcltesi MEZUN\u0130YET SONRASI G\u00d6REVLER &#8211; E\u011e\u0130T\u0130M Mart 2020&hellip;<\/p>\n","protected":false},"author":1,"featured_media":0,"parent":0,"menu_order":0,"comment_status":"closed","ping_status":"closed","template":"","meta":{"footnotes":""},"_links":{"self":[{"href":"http:\/\/www.erdalapaydin.com\/index.php\/wp-json\/wp\/v2\/pages\/280"}],"collection":[{"href":"http:\/\/www.erdalapaydin.com\/index.php\/wp-json\/wp\/v2\/pages"}],"about":[{"href":"http:\/\/www.erdalapaydin.com\/index.php\/wp-json\/wp\/v2\/types\/page"}],"author":[{"embeddable":true,"href":"http:\/\/www.erdalapaydin.com\/index.php\/wp-json\/wp\/v2\/users\/1"}],"replies":[{"embeddable":true,"href":"http:\/\/www.erdalapaydin.com\/index.php\/wp-json\/wp\/v2\/comments?post=280"}],"version-history":[{"count":4,"href":"http:\/\/www.erdalapaydin.com\/index.php\/wp-json\/wp\/v2\/pages\/280\/revisions"}],"predecessor-version":[{"id":427,"href":"http:\/\/www.erdalapaydin.com\/index.php\/wp-json\/wp\/v2\/pages\/280\/revisions\/427"}],"wp:attachment":[{"href":"http:\/\/www.erdalapaydin.com\/index.php\/wp-json\/wp\/v2\/media?parent=280"}],"curies":[{"name":"wp","href":"https:\/\/api.w.org\/{rel}","templated":true}]}}