{"id":218,"date":"2022-01-25T13:06:18","date_gmt":"2022-01-25T13:06:18","guid":{"rendered":"http:\/\/www.erdalapaydin.com\/?page_id=218"},"modified":"2022-01-26T08:23:19","modified_gmt":"2022-01-26T08:23:19","slug":"muayenehane","status":"publish","type":"page","link":"http:\/\/www.erdalapaydin.com\/index.php\/muayenehane\/","title":{"rendered":"\u0130leti\u015fim"},"content":{"rendered":"\n<figure class=\"wp-block-image size-large\"><a href=\"https:\/\/www.google.com\/maps\/place\/Prof.+Dr.+Erdal+Apayd%C4%B1n\/@38.43311,27.1432865,438m\/data=!3m1!1e3!4m19!1m13!4m12!1m4!2m2!1d27.0205591!2d38.3915038!4e1!1m6!1m2!1s0x14bbd85ea9aa0401:0xb17909d0e5d1967b!2s%C5%9Eair+E%C5%9Fref+Bulvar%C4%B1+No:72+Kat:1+Daire:1+Alsancak,+%C4%B0zmir+Erdal+Apaydin+Muayenehanesi!2m2!1d27.1444308!2d38.4332987!3m4!1s0x14bbd85ea9aa0401:0xb17909d0e5d1967b!8m2!3d38.4332987!4d27.1444308\"><img loading=\"lazy\" decoding=\"async\" width=\"1024\" height=\"576\" src=\"http:\/\/www.erdalapaydin.com\/wp-content\/uploads\/2022\/01\/Goople-Map-Gorseli_01-1024x576.jpg\" alt=\"\" class=\"wp-image-219\" srcset=\"http:\/\/www.erdalapaydin.com\/wp-content\/uploads\/2022\/01\/Goople-Map-Gorseli_01-1024x576.jpg 1024w, http:\/\/www.erdalapaydin.com\/wp-content\/uploads\/2022\/01\/Goople-Map-Gorseli_01-300x169.jpg 300w, http:\/\/www.erdalapaydin.com\/wp-content\/uploads\/2022\/01\/Goople-Map-Gorseli_01-768x432.jpg 768w, http:\/\/www.erdalapaydin.com\/wp-content\/uploads\/2022\/01\/Goople-Map-Gorseli_01.jpg 1280w\" sizes=\"(max-width: 1024px) 100vw, 1024px\" \/><\/a><\/figure>\n\n\n<p><strong>Adres:<\/strong> Alsancak, \u015eair E\u015fref Bulvar\u0131, Mustafa Bey Apartman\u0131 Numara: 72 Kat: 1 Daire: 1, Mimar Sinan Mahallesi, 35220 \u0130zmir (Hocazade Camii Tramvay Dura\u011f\u0131&#8217;n\u0131n Kar\u015f\u0131s\u0131)<\/p>\n<p><strong>Telefon:<\/strong> 0 (232) 463 20 20<\/p>\n\n\n<p><\/p>\n","protected":false},"excerpt":{"rendered":"<p>Adres: Alsancak, \u015eair E\u015fref Bulvar\u0131, Mustafa Bey Apartman\u0131 Numara: 72 Kat: 1 Daire: 1, Mimar Sinan Mahallesi, 35220 \u0130zmir (Hocazade Camii Tramvay Dura\u011f\u0131&#8217;n\u0131n Kar\u015f\u0131s\u0131) Telefon:&hellip;<\/p>\n","protected":false},"author":1,"featured_media":219,"parent":0,"menu_order":0,"comment_status":"closed","ping_status":"closed","template":"","meta":{"footnotes":""},"_links":{"self":[{"href":"http:\/\/www.erdalapaydin.com\/index.php\/wp-json\/wp\/v2\/pages\/218"}],"collection":[{"href":"http:\/\/www.erdalapaydin.com\/index.php\/wp-json\/wp\/v2\/pages"}],"about":[{"href":"http:\/\/www.erdalapaydin.com\/index.php\/wp-json\/wp\/v2\/types\/page"}],"author":[{"embeddable":true,"href":"http:\/\/www.erdalapaydin.com\/index.php\/wp-json\/wp\/v2\/users\/1"}],"replies":[{"embeddable":true,"href":"http:\/\/www.erdalapaydin.com\/index.php\/wp-json\/wp\/v2\/comments?post=218"}],"version-history":[{"count":5,"href":"http:\/\/www.erdalapaydin.com\/index.php\/wp-json\/wp\/v2\/pages\/218\/revisions"}],"predecessor-version":[{"id":319,"href":"http:\/\/www.erdalapaydin.com\/index.php\/wp-json\/wp\/v2\/pages\/218\/revisions\/319"}],"wp:featuredmedia":[{"embeddable":true,"href":"http:\/\/www.erdalapaydin.com\/index.php\/wp-json\/wp\/v2\/media\/219"}],"wp:attachment":[{"href":"http:\/\/www.erdalapaydin.com\/index.php\/wp-json\/wp\/v2\/media?parent=218"}],"curies":[{"name":"wp","href":"https:\/\/api.w.org\/{rel}","templated":true}]}}